{"id":1525,"date":"2024-03-29T10:35:26","date_gmt":"2024-03-29T10:35:26","guid":{"rendered":"https:\/\/mixagrocbd.com\/?post_type=product&#038;p=1525"},"modified":"2024-04-03T08:04:12","modified_gmt":"2024-04-03T08:04:12","slug":"probier-paket-cbd-oel-7-und-relief-oil-spray-5-30ml-vollspektrum","status":"publish","type":"product","link":"https:\/\/mixagrocbd.com\/de\/produkt\/probier-paket-cbd-oel-7-und-relief-oil-spray-5-30ml-vollspektrum\/","title":{"rendered":"Probier-Paket CBD \u00d6l (7%) und RELIEF OIL Spray (5%) 30ml \u2013 Vollspektrum"},"content":{"rendered":"<p><span data-sheets-root=\"1\" data-sheets-value=\"{&quot;1&quot;:2,&quot;2&quot;:&quot;Probieren Sie unsere Vollspektrum-\u00d6le zum Angebots-Preis!\\r\\nSie erhalten: 15ml MCT \u00d6l mit CBD,CBN und CBG in der praktischen Pipettenflasche zum Tropfen unter die Zunge und 30ml CBD-Spray (MCT \u00d6l mit 5% CBD, CBN und CBG) zum Aufspr\u00fchen auf die Haut. 100 % Naturprodukte \u2013 Vegan, keine Tierversuche, glutenfrei, im Labor getestet, THC-frei.\\r\\n&quot;}\" data-sheets-userformat=\"{&quot;2&quot;:9089,&quot;3&quot;:{&quot;1&quot;:0},&quot;10&quot;:0,&quot;11&quot;:4,&quot;12&quot;:0,&quot;16&quot;:10}\">Probieren Sie dieses Vorteils-Pack und kombinieren Sie die Einnahme von CBD-\u00d6l mit der \u00e4u\u00dferlichen Anwendung. Ob Sie an chronischen Schmerzen leiden oder einfach ihr Hautbild verbessern m\u00f6chten \u2013 mit der Kombination beider Anwendungen haben Sie das Komplettpaket f\u00fcr Ihren K\u00f6rper.<\/span><\/p>\n<p>Das 7%ige CBD-\u00d6l wird mit Hilfe einer Pipette unter die Zunge getr\u00e4ufelt. Zus\u00e4tzlich k\u00f6nnen Sie das CBD-Spray auf die betroffene Stelle aufspr\u00fchen und einmassieren. CBD kann zur Schmerzlinderung beitragen, da es entz\u00fcndungshemmende, krampfl\u00f6sende und schmerzlindernde Eigenschaften hat. MCT-\u00d6l hat ebenfalls zahlreiche Vorteile f\u00fcr das Wohlbefinden. Au\u00dferdem hat es eine sehr n\u00e4hrende Eigenschaft f\u00fcr die Haut. Es kann bei sehr unreiner Haut oder Akne ein besseres Hautbild verschaffen.<\/p>\n","protected":false},"excerpt":{"rendered":"<p><span data-sheets-root=\"1\" data-sheets-value=\"{&quot;1&quot;:2,&quot;2&quot;:&quot;Probieren Sie unsere Vollspektrum-\u00d6le zum Angebots-Preis!\\r\\nSie erhalten: 15ml MCT \u00d6l mit CBD,CBN und CBG in der praktischen Pipettenflasche zum Tropfen unter die Zunge und 30ml CBD-Spray (MCT \u00d6l mit 5% CBD, CBN und CBG) zum Aufspr\u00fchen auf die Haut. 100 % Naturprodukte \u2013 Vegan, keine Tierversuche, glutenfrei, im Labor getestet, THC-frei.\\r\\n&quot;}\" data-sheets-userformat=\"{&quot;2&quot;:9089,&quot;3&quot;:{&quot;1&quot;:0},&quot;10&quot;:0,&quot;11&quot;:4,&quot;12&quot;:0,&quot;16&quot;:10}\">Probieren Sie unsere Vollspektrum-\u00d6le zum Angebots-Preis!<br \/>\nSie erhalten: 15ml MCT \u00d6l mit CBD,CBN und CBG in der praktischen Pipettenflasche zum Tropfen unter die Zunge und 30ml CBD-Spray (MCT \u00d6l mit 5% CBD, CBN und CBG) zum Aufspr\u00fchen auf die Haut. 100 % Naturprodukte \u2013 Vegan, keine Tierversuche, glutenfrei, im Labor getestet, THC-frei.<br \/>\n<\/span><\/p>\n","protected":false},"featured_media":1437,"template":"","meta":[],"product_brand":[],"product_cat":[168,166],"product_tag":[324,325,326,322,327],"class_list":{"0":"post-1525","1":"product","2":"type-product","3":"status-publish","4":"has-post-thumbnail","6":"product_cat-cbd-oele","7":"product_cat-oele","8":"product_tag-cbd-de","9":"product_tag-cbg-de","10":"product_tag-cbn-de","11":"product_tag-massage-de","12":"product_tag-oil-de","14":"first","15":"instock","16":"taxable","17":"shipping-taxable","18":"purchasable","19":"product-type-simple"},"yoast_head":"<!-- This site is optimized with the Yoast SEO plugin v27.6 - https:\/\/yoast.com\/product\/yoast-seo-wordpress\/ -->\n<title>Probier-Paket CBD \u00d6l (7%) und RELIEF OIL Spray (5%) 30ml \u2013 Vollspektrum - MixAgro CBD<\/title>\n<meta name=\"description\" content=\"Our CBD Relief oil can help relieve pain as it has anti-inflammatory, antispasmodic and analgesic properties.\" \/>\n<meta name=\"robots\" content=\"index, follow, max-snippet:-1, max-image-preview:large, max-video-preview:-1\" \/>\n<link rel=\"canonical\" href=\"https:\/\/mixagrocbd.com\/de\/produkt\/probier-paket-cbd-oel-7-und-relief-oil-spray-5-30ml-vollspektrum\/\" \/>\n<meta property=\"og:locale\" content=\"de_DE\" \/>\n<meta property=\"og:type\" content=\"article\" \/>\n<meta property=\"og:title\" content=\"Probier-Paket CBD \u00d6l (7%) und RELIEF OIL Spray (5%) 30ml \u2013 Vollspektrum - MixAgro CBD\" \/>\n<meta property=\"og:description\" content=\"Our CBD Relief oil can help relieve pain as it has anti-inflammatory, antispasmodic and analgesic properties.\" \/>\n<meta property=\"og:url\" content=\"https:\/\/mixagrocbd.com\/de\/produkt\/probier-paket-cbd-oel-7-und-relief-oil-spray-5-30ml-vollspektrum\/\" \/>\n<meta property=\"og:site_name\" content=\"MixAgro CBD\" \/>\n<meta property=\"article:publisher\" content=\"https:\/\/www.facebook.com\/MixAgroCBD\/\" \/>\n<meta property=\"article:modified_time\" content=\"2024-04-03T08:04:12+00:00\" \/>\n<meta property=\"og:image\" content=\"https:\/\/mixagrocbd.com\/wp-content\/uploads\/2023\/09\/1939-fondo-e1711396167481-1024x1024.png\" \/>\n\t<meta property=\"og:image:width\" content=\"1024\" \/>\n\t<meta property=\"og:image:height\" content=\"1024\" \/>\n\t<meta property=\"og:image:type\" content=\"image\/png\" \/>\n<meta name=\"twitter:card\" content=\"summary_large_image\" \/>\n<meta name=\"twitter:label1\" content=\"Gesch\u00e4tzte Lesezeit\" \/>\n\t<meta name=\"twitter:data1\" content=\"1\u00a0Minute\" \/>\n<script type=\"application\/ld+json\" class=\"yoast-schema-graph\">{\"@context\":\"https:\\\/\\\/schema.org\",\"@graph\":[{\"@type\":\"WebPage\",\"@id\":\"https:\\\/\\\/mixagrocbd.com\\\/de\\\/produkt\\\/probier-paket-cbd-oel-7-und-relief-oil-spray-5-30ml-vollspektrum\\\/\",\"url\":\"https:\\\/\\\/mixagrocbd.com\\\/de\\\/produkt\\\/probier-paket-cbd-oel-7-und-relief-oil-spray-5-30ml-vollspektrum\\\/\",\"name\":\"Probier-Paket CBD \u00d6l (7%) und RELIEF OIL Spray (5%) 30ml \u2013 Vollspektrum - MixAgro CBD\",\"isPartOf\":{\"@id\":\"https:\\\/\\\/mixagrocbd.com\\\/de\\\/#website\"},\"primaryImageOfPage\":{\"@id\":\"https:\\\/\\\/mixagrocbd.com\\\/de\\\/produkt\\\/probier-paket-cbd-oel-7-und-relief-oil-spray-5-30ml-vollspektrum\\\/#primaryimage\"},\"image\":{\"@id\":\"https:\\\/\\\/mixagrocbd.com\\\/de\\\/produkt\\\/probier-paket-cbd-oel-7-und-relief-oil-spray-5-30ml-vollspektrum\\\/#primaryimage\"},\"thumbnailUrl\":\"https:\\\/\\\/mixagrocbd.com\\\/wp-content\\\/uploads\\\/2023\\\/09\\\/1939-fondo-e1711396167481.png\",\"datePublished\":\"2024-03-29T10:35:26+00:00\",\"dateModified\":\"2024-04-03T08:04:12+00:00\",\"description\":\"Our CBD Relief oil can help relieve pain as it has anti-inflammatory, antispasmodic and analgesic properties.\",\"breadcrumb\":{\"@id\":\"https:\\\/\\\/mixagrocbd.com\\\/de\\\/produkt\\\/probier-paket-cbd-oel-7-und-relief-oil-spray-5-30ml-vollspektrum\\\/#breadcrumb\"},\"inLanguage\":\"de\",\"potentialAction\":[{\"@type\":\"ReadAction\",\"target\":[\"https:\\\/\\\/mixagrocbd.com\\\/de\\\/produkt\\\/probier-paket-cbd-oel-7-und-relief-oil-spray-5-30ml-vollspektrum\\\/\"]}]},{\"@type\":\"ImageObject\",\"inLanguage\":\"de\",\"@id\":\"https:\\\/\\\/mixagrocbd.com\\\/de\\\/produkt\\\/probier-paket-cbd-oel-7-und-relief-oil-spray-5-30ml-vollspektrum\\\/#primaryimage\",\"url\":\"https:\\\/\\\/mixagrocbd.com\\\/wp-content\\\/uploads\\\/2023\\\/09\\\/1939-fondo-e1711396167481.png\",\"contentUrl\":\"https:\\\/\\\/mixagrocbd.com\\\/wp-content\\\/uploads\\\/2023\\\/09\\\/1939-fondo-e1711396167481.png\",\"width\":2499,\"height\":2499},{\"@type\":\"BreadcrumbList\",\"@id\":\"https:\\\/\\\/mixagrocbd.com\\\/de\\\/produkt\\\/probier-paket-cbd-oel-7-und-relief-oil-spray-5-30ml-vollspektrum\\\/#breadcrumb\",\"itemListElement\":[{\"@type\":\"ListItem\",\"position\":1,\"name\":\"Home\",\"item\":\"https:\\\/\\\/mixagrocbd.com\\\/de\\\/\"},{\"@type\":\"ListItem\",\"position\":2,\"name\":\"Shop DE\",\"item\":\"https:\\\/\\\/mixagrocbd.com\\\/de\\\/shop-de\\\/\"},{\"@type\":\"ListItem\",\"position\":3,\"name\":\"Probier-Paket CBD \u00d6l (7%) und RELIEF OIL Spray (5%) 30ml \u2013 Vollspektrum\"}]},{\"@type\":\"WebSite\",\"@id\":\"https:\\\/\\\/mixagrocbd.com\\\/de\\\/#website\",\"url\":\"https:\\\/\\\/mixagrocbd.com\\\/de\\\/\",\"name\":\"MixAgro CBD\",\"description\":\"Premium CBD and Derivatives\",\"publisher\":{\"@id\":\"https:\\\/\\\/mixagrocbd.com\\\/de\\\/#organization\"},\"potentialAction\":[{\"@type\":\"SearchAction\",\"target\":{\"@type\":\"EntryPoint\",\"urlTemplate\":\"https:\\\/\\\/mixagrocbd.com\\\/de\\\/?s={search_term_string}\"},\"query-input\":{\"@type\":\"PropertyValueSpecification\",\"valueRequired\":true,\"valueName\":\"search_term_string\"}}],\"inLanguage\":\"de\"},{\"@type\":\"Organization\",\"@id\":\"https:\\\/\\\/mixagrocbd.com\\\/de\\\/#organization\",\"name\":\"MixAgro CBD\",\"url\":\"https:\\\/\\\/mixagrocbd.com\\\/de\\\/\",\"logo\":{\"@type\":\"ImageObject\",\"inLanguage\":\"de\",\"@id\":\"https:\\\/\\\/mixagrocbd.com\\\/de\\\/#\\\/schema\\\/logo\\\/image\\\/\",\"url\":\"https:\\\/\\\/mixagrocbd.com\\\/wp-content\\\/uploads\\\/2023\\\/11\\\/MixAGRO-1.png\",\"contentUrl\":\"https:\\\/\\\/mixagrocbd.com\\\/wp-content\\\/uploads\\\/2023\\\/11\\\/MixAGRO-1.png\",\"width\":276,\"height\":152,\"caption\":\"MixAgro CBD\"},\"image\":{\"@id\":\"https:\\\/\\\/mixagrocbd.com\\\/de\\\/#\\\/schema\\\/logo\\\/image\\\/\"},\"sameAs\":[\"https:\\\/\\\/www.facebook.com\\\/MixAgroCBD\\\/\",\"https:\\\/\\\/www.instagram.com\\\/mixagro_cbd\\\/\",\"https:\\\/\\\/www.linkedin.com\\\/company\\\/mixagro-s-r-o\\\/\"]}]}<\/script>\n<!-- \/ Yoast SEO plugin. -->","yoast_head_json":{"title":"Probier-Paket CBD \u00d6l (7%) und RELIEF OIL Spray (5%) 30ml \u2013 Vollspektrum - MixAgro CBD","description":"Our CBD Relief oil can help relieve pain as it has anti-inflammatory, antispasmodic and analgesic properties.","robots":{"index":"index","follow":"follow","max-snippet":"max-snippet:-1","max-image-preview":"max-image-preview:large","max-video-preview":"max-video-preview:-1"},"canonical":"https:\/\/mixagrocbd.com\/de\/produkt\/probier-paket-cbd-oel-7-und-relief-oil-spray-5-30ml-vollspektrum\/","og_locale":"de_DE","og_type":"article","og_title":"Probier-Paket CBD \u00d6l (7%) und RELIEF OIL Spray (5%) 30ml \u2013 Vollspektrum - MixAgro CBD","og_description":"Our CBD Relief oil can help relieve pain as it has anti-inflammatory, antispasmodic and analgesic properties.","og_url":"https:\/\/mixagrocbd.com\/de\/produkt\/probier-paket-cbd-oel-7-und-relief-oil-spray-5-30ml-vollspektrum\/","og_site_name":"MixAgro CBD","article_publisher":"https:\/\/www.facebook.com\/MixAgroCBD\/","article_modified_time":"2024-04-03T08:04:12+00:00","og_image":[{"width":1024,"height":1024,"url":"https:\/\/mixagrocbd.com\/wp-content\/uploads\/2023\/09\/1939-fondo-e1711396167481-1024x1024.png","type":"image\/png"}],"twitter_card":"summary_large_image","twitter_misc":{"Gesch\u00e4tzte Lesezeit":"1\u00a0Minute"},"schema":{"@context":"https:\/\/schema.org","@graph":[{"@type":"WebPage","@id":"https:\/\/mixagrocbd.com\/de\/produkt\/probier-paket-cbd-oel-7-und-relief-oil-spray-5-30ml-vollspektrum\/","url":"https:\/\/mixagrocbd.com\/de\/produkt\/probier-paket-cbd-oel-7-und-relief-oil-spray-5-30ml-vollspektrum\/","name":"Probier-Paket CBD \u00d6l (7%) und RELIEF OIL Spray (5%) 30ml \u2013 Vollspektrum - MixAgro CBD","isPartOf":{"@id":"https:\/\/mixagrocbd.com\/de\/#website"},"primaryImageOfPage":{"@id":"https:\/\/mixagrocbd.com\/de\/produkt\/probier-paket-cbd-oel-7-und-relief-oil-spray-5-30ml-vollspektrum\/#primaryimage"},"image":{"@id":"https:\/\/mixagrocbd.com\/de\/produkt\/probier-paket-cbd-oel-7-und-relief-oil-spray-5-30ml-vollspektrum\/#primaryimage"},"thumbnailUrl":"https:\/\/mixagrocbd.com\/wp-content\/uploads\/2023\/09\/1939-fondo-e1711396167481.png","datePublished":"2024-03-29T10:35:26+00:00","dateModified":"2024-04-03T08:04:12+00:00","description":"Our CBD Relief oil can help relieve pain as it has anti-inflammatory, antispasmodic and analgesic properties.","breadcrumb":{"@id":"https:\/\/mixagrocbd.com\/de\/produkt\/probier-paket-cbd-oel-7-und-relief-oil-spray-5-30ml-vollspektrum\/#breadcrumb"},"inLanguage":"de","potentialAction":[{"@type":"ReadAction","target":["https:\/\/mixagrocbd.com\/de\/produkt\/probier-paket-cbd-oel-7-und-relief-oil-spray-5-30ml-vollspektrum\/"]}]},{"@type":"ImageObject","inLanguage":"de","@id":"https:\/\/mixagrocbd.com\/de\/produkt\/probier-paket-cbd-oel-7-und-relief-oil-spray-5-30ml-vollspektrum\/#primaryimage","url":"https:\/\/mixagrocbd.com\/wp-content\/uploads\/2023\/09\/1939-fondo-e1711396167481.png","contentUrl":"https:\/\/mixagrocbd.com\/wp-content\/uploads\/2023\/09\/1939-fondo-e1711396167481.png","width":2499,"height":2499},{"@type":"BreadcrumbList","@id":"https:\/\/mixagrocbd.com\/de\/produkt\/probier-paket-cbd-oel-7-und-relief-oil-spray-5-30ml-vollspektrum\/#breadcrumb","itemListElement":[{"@type":"ListItem","position":1,"name":"Home","item":"https:\/\/mixagrocbd.com\/de\/"},{"@type":"ListItem","position":2,"name":"Shop DE","item":"https:\/\/mixagrocbd.com\/de\/shop-de\/"},{"@type":"ListItem","position":3,"name":"Probier-Paket CBD \u00d6l (7%) und RELIEF OIL Spray (5%) 30ml \u2013 Vollspektrum"}]},{"@type":"WebSite","@id":"https:\/\/mixagrocbd.com\/de\/#website","url":"https:\/\/mixagrocbd.com\/de\/","name":"MixAgro CBD","description":"Premium CBD and Derivatives","publisher":{"@id":"https:\/\/mixagrocbd.com\/de\/#organization"},"potentialAction":[{"@type":"SearchAction","target":{"@type":"EntryPoint","urlTemplate":"https:\/\/mixagrocbd.com\/de\/?s={search_term_string}"},"query-input":{"@type":"PropertyValueSpecification","valueRequired":true,"valueName":"search_term_string"}}],"inLanguage":"de"},{"@type":"Organization","@id":"https:\/\/mixagrocbd.com\/de\/#organization","name":"MixAgro CBD","url":"https:\/\/mixagrocbd.com\/de\/","logo":{"@type":"ImageObject","inLanguage":"de","@id":"https:\/\/mixagrocbd.com\/de\/#\/schema\/logo\/image\/","url":"https:\/\/mixagrocbd.com\/wp-content\/uploads\/2023\/11\/MixAGRO-1.png","contentUrl":"https:\/\/mixagrocbd.com\/wp-content\/uploads\/2023\/11\/MixAGRO-1.png","width":276,"height":152,"caption":"MixAgro CBD"},"image":{"@id":"https:\/\/mixagrocbd.com\/de\/#\/schema\/logo\/image\/"},"sameAs":["https:\/\/www.facebook.com\/MixAgroCBD\/","https:\/\/www.instagram.com\/mixagro_cbd\/","https:\/\/www.linkedin.com\/company\/mixagro-s-r-o\/"]}]}},"_links":{"self":[{"href":"https:\/\/mixagrocbd.com\/de\/wp-json\/wp\/v2\/product\/1525","targetHints":{"allow":["GET"]}}],"collection":[{"href":"https:\/\/mixagrocbd.com\/de\/wp-json\/wp\/v2\/product"}],"about":[{"href":"https:\/\/mixagrocbd.com\/de\/wp-json\/wp\/v2\/types\/product"}],"version-history":[{"count":0,"href":"https:\/\/mixagrocbd.com\/de\/wp-json\/wp\/v2\/product\/1525\/revisions"}],"wp:featuredmedia":[{"embeddable":true,"href":"https:\/\/mixagrocbd.com\/de\/wp-json\/wp\/v2\/media\/1437"}],"wp:attachment":[{"href":"https:\/\/mixagrocbd.com\/de\/wp-json\/wp\/v2\/media?parent=1525"}],"wp:term":[{"taxonomy":"product_brand","embeddable":true,"href":"https:\/\/mixagrocbd.com\/de\/wp-json\/wp\/v2\/product_brand?post=1525"},{"taxonomy":"product_cat","embeddable":true,"href":"https:\/\/mixagrocbd.com\/de\/wp-json\/wp\/v2\/product_cat?post=1525"},{"taxonomy":"product_tag","embeddable":true,"href":"https:\/\/mixagrocbd.com\/de\/wp-json\/wp\/v2\/product_tag?post=1525"}],"curies":[{"name":"wp","href":"https:\/\/api.w.org\/{rel}","templated":true}]}}