{"id":1130,"date":"2023-09-13T23:29:01","date_gmt":"2023-09-13T23:29:01","guid":{"rendered":"https:\/\/mixagrocbd.com\/?post_type=product&#038;p=1130"},"modified":"2024-06-12T16:53:25","modified_gmt":"2024-06-12T16:53:25","slug":"cbd-oel-7ml-vollspektrum","status":"publish","type":"product","link":"https:\/\/mixagrocbd.com\/de\/produkt\/cbd-oel-7ml-vollspektrum\/","title":{"rendered":"CBD \u00d6l 7%<br>15ml &#8211; Vollspektrum"},"content":{"rendered":"<p><span data-sheets-root=\"1\" data-sheets-value=\"{&quot;1&quot;:2,&quot;2&quot;:&quot;CBD \u00d6l 7% Premium mit wertvollem MCT \u00d6l \u2013 nat\u00fcrliche Kokosnuss Capryls\u00e4ure (Coco Nucifera Extrakt). Enth\u00e4lt bei 15ml \u2013 750mg CBD, 150mg CBN und 150mg CBG.\\r\\nUnsere CBD \u00d6le sind ausschlie\u00dflich Vollspektrum \u00d6le, welche vielf\u00e4ltige Vorteile f\u00fcr das Wohlbefinden haben. Dank der Kombination mit wertvollem MCT-\u00d6l kann Cannabidiol leichter und schneller von unserem K\u00f6rper aufgenommen werden. Zus\u00e4tzlich bringt MCT-\u00d6l vielf\u00e4ltige positive Aspekte f\u00fcr den K\u00f6rper.\\r\\nWir bieten verschiedene Optionen f\u00fcr unterschiedliche Bed\u00fcrfnisse. W\u00e4hlen Sie zwischen verschieden hohen CBD-Konzentrationen, um die besten Ergebnisse zu erzielen. Das 7%ige MixAGRO CBD-\u00d6l ist perfekt f\u00fcr Einsteiger. Sie k\u00f6nnen Sie sich darauf verlassen, dass Sie Produkte von h\u00f6chster Qualit\u00e4t erhalten.\\r\\nDie optimale Anwendung von CBD-\u00d6l ist die sublinguale Einnahme. Die Tropfen werden mit Hilfe einer Pipette unter die Zunge getr\u00e4ufelt. \\r\\nWenn man Hilfe beim Einschlafen braucht, kann CBD-\u00d6l vor allem am Abend hilfreich sein. Wenn man jedoch die Wirkung von CBD \u00fcber den ganzen Tag verteilt genie\u00dfen m\u00f6chte, sollte das \u00d6l sowohl morgens als auch abends angewendet werden.\\r\\n&quot;}\" data-sheets-userformat=\"{&quot;2&quot;:9089,&quot;3&quot;:{&quot;1&quot;:0},&quot;10&quot;:0,&quot;11&quot;:4,&quot;12&quot;:0,&quot;16&quot;:10}\">CBD \u00d6l 7% Premium mit wertvollem MCT \u00d6l \u2013 nat\u00fcrliche Kokosnuss Capryls\u00e4ure (Coco Nucifera Extrakt). Enth\u00e4lt bei 15ml \u2013 750mg CBD, 150mg CBN und 150mg CBG.<br \/>\n<\/span><\/p>\n<p><span data-sheets-root=\"1\" data-sheets-value=\"{&quot;1&quot;:2,&quot;2&quot;:&quot;CBD \u00d6l 7% Premium mit wertvollem MCT \u00d6l \u2013 nat\u00fcrliche Kokosnuss Capryls\u00e4ure (Coco Nucifera Extrakt). Enth\u00e4lt bei 15ml \u2013 750mg CBD, 150mg CBN und 150mg CBG.\\r\\nUnsere CBD \u00d6le sind ausschlie\u00dflich Vollspektrum \u00d6le, welche vielf\u00e4ltige Vorteile f\u00fcr das Wohlbefinden haben. Dank der Kombination mit wertvollem MCT-\u00d6l kann Cannabidiol leichter und schneller von unserem K\u00f6rper aufgenommen werden. Zus\u00e4tzlich bringt MCT-\u00d6l vielf\u00e4ltige positive Aspekte f\u00fcr den K\u00f6rper.\\r\\nWir bieten verschiedene Optionen f\u00fcr unterschiedliche Bed\u00fcrfnisse. W\u00e4hlen Sie zwischen verschieden hohen CBD-Konzentrationen, um die besten Ergebnisse zu erzielen. Das 7%ige MixAGRO CBD-\u00d6l ist perfekt f\u00fcr Einsteiger. Sie k\u00f6nnen Sie sich darauf verlassen, dass Sie Produkte von h\u00f6chster Qualit\u00e4t erhalten.\\r\\nDie optimale Anwendung von CBD-\u00d6l ist die sublinguale Einnahme. Die Tropfen werden mit Hilfe einer Pipette unter die Zunge getr\u00e4ufelt. \\r\\nWenn man Hilfe beim Einschlafen braucht, kann CBD-\u00d6l vor allem am Abend hilfreich sein. Wenn man jedoch die Wirkung von CBD \u00fcber den ganzen Tag verteilt genie\u00dfen m\u00f6chte, sollte das \u00d6l sowohl morgens als auch abends angewendet werden.\\r\\n&quot;}\" data-sheets-userformat=\"{&quot;2&quot;:9089,&quot;3&quot;:{&quot;1&quot;:0},&quot;10&quot;:0,&quot;11&quot;:4,&quot;12&quot;:0,&quot;16&quot;:10}\">Unsere CBD \u00d6le sind ausschlie\u00dflich Vollspektrum \u00d6le, welche vielf\u00e4ltige Vorteile f\u00fcr das Wohlbefinden haben. Dank der Kombination mit wertvollem MCT-\u00d6l kann Cannabidiol leichter und schneller von unserem K\u00f6rper aufgenommen werden. Zus\u00e4tzlich bringt MCT-\u00d6l vielf\u00e4ltige positive Aspekte f\u00fcr den K\u00f6rper.<br \/>\n<\/span><\/p>\n<p><span data-sheets-root=\"1\" data-sheets-value=\"{&quot;1&quot;:2,&quot;2&quot;:&quot;CBD \u00d6l 7% Premium mit wertvollem MCT \u00d6l \u2013 nat\u00fcrliche Kokosnuss Capryls\u00e4ure (Coco Nucifera Extrakt). Enth\u00e4lt bei 15ml \u2013 750mg CBD, 150mg CBN und 150mg CBG.\\r\\nUnsere CBD \u00d6le sind ausschlie\u00dflich Vollspektrum \u00d6le, welche vielf\u00e4ltige Vorteile f\u00fcr das Wohlbefinden haben. Dank der Kombination mit wertvollem MCT-\u00d6l kann Cannabidiol leichter und schneller von unserem K\u00f6rper aufgenommen werden. Zus\u00e4tzlich bringt MCT-\u00d6l vielf\u00e4ltige positive Aspekte f\u00fcr den K\u00f6rper.\\r\\nWir bieten verschiedene Optionen f\u00fcr unterschiedliche Bed\u00fcrfnisse. W\u00e4hlen Sie zwischen verschieden hohen CBD-Konzentrationen, um die besten Ergebnisse zu erzielen. Das 7%ige MixAGRO CBD-\u00d6l ist perfekt f\u00fcr Einsteiger. Sie k\u00f6nnen Sie sich darauf verlassen, dass Sie Produkte von h\u00f6chster Qualit\u00e4t erhalten.\\r\\nDie optimale Anwendung von CBD-\u00d6l ist die sublinguale Einnahme. Die Tropfen werden mit Hilfe einer Pipette unter die Zunge getr\u00e4ufelt. \\r\\nWenn man Hilfe beim Einschlafen braucht, kann CBD-\u00d6l vor allem am Abend hilfreich sein. Wenn man jedoch die Wirkung von CBD \u00fcber den ganzen Tag verteilt genie\u00dfen m\u00f6chte, sollte das \u00d6l sowohl morgens als auch abends angewendet werden.\\r\\n&quot;}\" data-sheets-userformat=\"{&quot;2&quot;:9089,&quot;3&quot;:{&quot;1&quot;:0},&quot;10&quot;:0,&quot;11&quot;:4,&quot;12&quot;:0,&quot;16&quot;:10}\">Wir bieten verschiedene Optionen f\u00fcr unterschiedliche Bed\u00fcrfnisse. W\u00e4hlen Sie zwischen verschieden hohen CBD-Konzentrationen, um die besten Ergebnisse zu erzielen. Das 7%ige MixAGRO CBD-\u00d6l ist perfekt f\u00fcr Einsteiger. Sie k\u00f6nnen Sie sich darauf verlassen, dass Sie Produkte von h\u00f6chster Qualit\u00e4t erhalten.<br \/>\n<\/span><\/p>\n<p><span data-sheets-root=\"1\" data-sheets-value=\"{&quot;1&quot;:2,&quot;2&quot;:&quot;CBD \u00d6l 7% Premium mit wertvollem MCT \u00d6l \u2013 nat\u00fcrliche Kokosnuss Capryls\u00e4ure (Coco Nucifera Extrakt). Enth\u00e4lt bei 15ml \u2013 750mg CBD, 150mg CBN und 150mg CBG.\\r\\nUnsere CBD \u00d6le sind ausschlie\u00dflich Vollspektrum \u00d6le, welche vielf\u00e4ltige Vorteile f\u00fcr das Wohlbefinden haben. Dank der Kombination mit wertvollem MCT-\u00d6l kann Cannabidiol leichter und schneller von unserem K\u00f6rper aufgenommen werden. Zus\u00e4tzlich bringt MCT-\u00d6l vielf\u00e4ltige positive Aspekte f\u00fcr den K\u00f6rper.\\r\\nWir bieten verschiedene Optionen f\u00fcr unterschiedliche Bed\u00fcrfnisse. W\u00e4hlen Sie zwischen verschieden hohen CBD-Konzentrationen, um die besten Ergebnisse zu erzielen. Das 7%ige MixAGRO CBD-\u00d6l ist perfekt f\u00fcr Einsteiger. Sie k\u00f6nnen Sie sich darauf verlassen, dass Sie Produkte von h\u00f6chster Qualit\u00e4t erhalten.\\r\\nDie optimale Anwendung von CBD-\u00d6l ist die sublinguale Einnahme. Die Tropfen werden mit Hilfe einer Pipette unter die Zunge getr\u00e4ufelt. \\r\\nWenn man Hilfe beim Einschlafen braucht, kann CBD-\u00d6l vor allem am Abend hilfreich sein. Wenn man jedoch die Wirkung von CBD \u00fcber den ganzen Tag verteilt genie\u00dfen m\u00f6chte, sollte das \u00d6l sowohl morgens als auch abends angewendet werden.\\r\\n&quot;}\" data-sheets-userformat=\"{&quot;2&quot;:9089,&quot;3&quot;:{&quot;1&quot;:0},&quot;10&quot;:0,&quot;11&quot;:4,&quot;12&quot;:0,&quot;16&quot;:10}\">Die optimale Anwendung von CBD-\u00d6l ist die sublinguale Einnahme. Die <\/span><span data-sheets-root=\"1\" data-sheets-value=\"{&quot;1&quot;:2,&quot;2&quot;:&quot;CBD \u00d6l 7% Premium mit wertvollem MCT \u00d6l \u2013 nat\u00fcrliche Kokosnuss Capryls\u00e4ure (Coco Nucifera Extrakt). Enth\u00e4lt bei 15ml \u2013 750mg CBD, 150mg CBN und 150mg CBG.\\r\\nUnsere CBD \u00d6le sind ausschlie\u00dflich Vollspektrum \u00d6le, welche vielf\u00e4ltige Vorteile f\u00fcr das Wohlbefinden haben. Dank der Kombination mit wertvollem MCT-\u00d6l kann Cannabidiol leichter und schneller von unserem K\u00f6rper aufgenommen werden. Zus\u00e4tzlich bringt MCT-\u00d6l vielf\u00e4ltige positive Aspekte f\u00fcr den K\u00f6rper.\\r\\nWir bieten verschiedene Optionen f\u00fcr unterschiedliche Bed\u00fcrfnisse. W\u00e4hlen Sie zwischen verschieden hohen CBD-Konzentrationen, um die besten Ergebnisse zu erzielen. Das 7%ige MixAGRO CBD-\u00d6l ist perfekt f\u00fcr Einsteiger. Sie k\u00f6nnen Sie sich darauf verlassen, dass Sie Produkte von h\u00f6chster Qualit\u00e4t erhalten.\\r\\nDie optimale Anwendung von CBD-\u00d6l ist die sublinguale Einnahme. Die Tropfen werden mit Hilfe einer Pipette unter die Zunge getr\u00e4ufelt. \\r\\nWenn man Hilfe beim Einschlafen braucht, kann CBD-\u00d6l vor allem am Abend hilfreich sein. Wenn man jedoch die Wirkung von CBD \u00fcber den ganzen Tag verteilt genie\u00dfen m\u00f6chte, sollte das \u00d6l sowohl morgens als auch abends angewendet werden.\\r\\n&quot;}\" data-sheets-userformat=\"{&quot;2&quot;:9089,&quot;3&quot;:{&quot;1&quot;:0},&quot;10&quot;:0,&quot;11&quot;:4,&quot;12&quot;:0,&quot;16&quot;:10}\">Tropfen werden mit Hilfe einer Pipette unter die Zunge getr\u00e4ufelt.<br \/>\nWenn man Hilfe beim Einschlafen braucht, kann CBD-\u00d6l vor allem am Abend hilfreich sein. Wenn man jedoch die Wirkung von CBD \u00fcber den ganzen Tag verteilt genie\u00dfen m\u00f6chte, sollte das \u00d6l sowohl morgens als auch abends angewendet werden.<br \/>\n<\/span><\/p>\n","protected":false},"excerpt":{"rendered":"<p><span data-sheets-root=\"1\" data-sheets-value=\"{&quot;1&quot;:2,&quot;2&quot;:&quot;F\u00fcr das allt\u00e4gliche Wohlbefinden und St\u00e4rkung des Immunsystems. Leichte Version f\u00fcr CBD-Einsteiger. Mit hanfig fruchtigem Geschmack.\\r\\nINHALT \u2013 15ml MCT \u00d6l mit CBD und wertvollem CBN and CBG\\r\\nQUALIT\u00c4T \u2013 Nat\u00fcrliches Vollspektrum-CBD-\u00d6l auf Basis von hochwertigem MCT-\u00d6l\\r\\nVORTEILE \u2013 100 % Naturprodukt \u2013 Vegan, keine Tierversuche, glutenfrei, im Labor getestet, THC-frei\\r\\nANWENDUNG \u2013 Einfache Dosierung durch praktische Pipettenflasche\\r\\n&quot;}\" data-sheets-userformat=\"{&quot;2&quot;:15233,&quot;3&quot;:{&quot;1&quot;:0},&quot;10&quot;:0,&quot;11&quot;:4,&quot;12&quot;:0,&quot;14&quot;:{&quot;1&quot;:2,&quot;2&quot;:987409},&quot;15&quot;:&quot;Arial, sans-serif&quot;,&quot;16&quot;:10}\">F\u00fcr das allt\u00e4gliche Wohlbefinden und St\u00e4rkung des Immunsystems. Leichte Version f\u00fcr CBD-Einsteiger. Mit hanfig fruchtigem Geschmack.<br \/>\n<\/span><\/p>\n<ul>\n<li><span data-sheets-root=\"1\" data-sheets-value=\"{&quot;1&quot;:2,&quot;2&quot;:&quot;F\u00fcr das allt\u00e4gliche Wohlbefinden und St\u00e4rkung des Immunsystems. Leichte Version f\u00fcr CBD-Einsteiger. Mit hanfig fruchtigem Geschmack.\\r\\nINHALT \u2013 15ml MCT \u00d6l mit CBD und wertvollem CBN and CBG\\r\\nQUALIT\u00c4T \u2013 Nat\u00fcrliches Vollspektrum-CBD-\u00d6l auf Basis von hochwertigem MCT-\u00d6l\\r\\nVORTEILE \u2013 100 % Naturprodukt \u2013 Vegan, keine Tierversuche, glutenfrei, im Labor getestet, THC-frei\\r\\nANWENDUNG \u2013 Einfache Dosierung durch praktische Pipettenflasche\\r\\n&quot;}\" data-sheets-userformat=\"{&quot;2&quot;:15233,&quot;3&quot;:{&quot;1&quot;:0},&quot;10&quot;:0,&quot;11&quot;:4,&quot;12&quot;:0,&quot;14&quot;:{&quot;1&quot;:2,&quot;2&quot;:987409},&quot;15&quot;:&quot;Arial, sans-serif&quot;,&quot;16&quot;:10}\">INHALT \u2013 15ml MCT \u00d6l mit CBD und wertvollem CBN and CBG<br \/>\n<\/span><\/li>\n<li><span data-sheets-root=\"1\" data-sheets-value=\"{&quot;1&quot;:2,&quot;2&quot;:&quot;F\u00fcr das allt\u00e4gliche Wohlbefinden und St\u00e4rkung des Immunsystems. Leichte Version f\u00fcr CBD-Einsteiger. Mit hanfig fruchtigem Geschmack.\\r\\nINHALT \u2013 15ml MCT \u00d6l mit CBD und wertvollem CBN and CBG\\r\\nQUALIT\u00c4T \u2013 Nat\u00fcrliches Vollspektrum-CBD-\u00d6l auf Basis von hochwertigem MCT-\u00d6l\\r\\nVORTEILE \u2013 100 % Naturprodukt \u2013 Vegan, keine Tierversuche, glutenfrei, im Labor getestet, THC-frei\\r\\nANWENDUNG \u2013 Einfache Dosierung durch praktische Pipettenflasche\\r\\n&quot;}\" data-sheets-userformat=\"{&quot;2&quot;:15233,&quot;3&quot;:{&quot;1&quot;:0},&quot;10&quot;:0,&quot;11&quot;:4,&quot;12&quot;:0,&quot;14&quot;:{&quot;1&quot;:2,&quot;2&quot;:987409},&quot;15&quot;:&quot;Arial, sans-serif&quot;,&quot;16&quot;:10}\">QUALIT\u00c4T \u2013 Nat\u00fcrliches Vollspektrum-CBD-\u00d6l auf Basis von hochwertigem MCT-\u00d6l<br \/>\n<\/span><\/li>\n<li><span data-sheets-root=\"1\" data-sheets-value=\"{&quot;1&quot;:2,&quot;2&quot;:&quot;F\u00fcr das allt\u00e4gliche Wohlbefinden und St\u00e4rkung des Immunsystems. Leichte Version f\u00fcr CBD-Einsteiger. Mit hanfig fruchtigem Geschmack.\\r\\nINHALT \u2013 15ml MCT \u00d6l mit CBD und wertvollem CBN and CBG\\r\\nQUALIT\u00c4T \u2013 Nat\u00fcrliches Vollspektrum-CBD-\u00d6l auf Basis von hochwertigem MCT-\u00d6l\\r\\nVORTEILE \u2013 100 % Naturprodukt \u2013 Vegan, keine Tierversuche, glutenfrei, im Labor getestet, THC-frei\\r\\nANWENDUNG \u2013 Einfache Dosierung durch praktische Pipettenflasche\\r\\n&quot;}\" data-sheets-userformat=\"{&quot;2&quot;:15233,&quot;3&quot;:{&quot;1&quot;:0},&quot;10&quot;:0,&quot;11&quot;:4,&quot;12&quot;:0,&quot;14&quot;:{&quot;1&quot;:2,&quot;2&quot;:987409},&quot;15&quot;:&quot;Arial, sans-serif&quot;,&quot;16&quot;:10}\">VORTEILE \u2013 100 % Naturprodukt \u2013 Vegan, keine Tierversuche, glutenfrei, im Labor getestet, THC-frei<br \/>\n<\/span><\/li>\n<li><span data-sheets-root=\"1\" data-sheets-value=\"{&quot;1&quot;:2,&quot;2&quot;:&quot;F\u00fcr das allt\u00e4gliche Wohlbefinden und St\u00e4rkung des Immunsystems. Leichte Version f\u00fcr CBD-Einsteiger. Mit hanfig fruchtigem Geschmack.\\r\\nINHALT \u2013 15ml MCT \u00d6l mit CBD und wertvollem CBN and CBG\\r\\nQUALIT\u00c4T \u2013 Nat\u00fcrliches Vollspektrum-CBD-\u00d6l auf Basis von hochwertigem MCT-\u00d6l\\r\\nVORTEILE \u2013 100 % Naturprodukt \u2013 Vegan, keine Tierversuche, glutenfrei, im Labor getestet, THC-frei\\r\\nANWENDUNG \u2013 Einfache Dosierung durch praktische Pipettenflasche\\r\\n&quot;}\" data-sheets-userformat=\"{&quot;2&quot;:15233,&quot;3&quot;:{&quot;1&quot;:0},&quot;10&quot;:0,&quot;11&quot;:4,&quot;12&quot;:0,&quot;14&quot;:{&quot;1&quot;:2,&quot;2&quot;:987409},&quot;15&quot;:&quot;Arial, sans-serif&quot;,&quot;16&quot;:10}\">ANWENDUNG \u2013 Einfache Dosierung durch praktische Pipettenflasche<br \/>\n<\/span><\/li>\n<\/ul>\n","protected":false},"featured_media":2131,"template":"","meta":[],"product_brand":[],"product_cat":[168,166],"product_tag":[324,330],"class_list":{"0":"post-1130","1":"product","2":"type-product","3":"status-publish","4":"has-post-thumbnail","6":"product_cat-cbd-oele","7":"product_cat-oele","8":"product_tag-cbd-de","9":"product_tag-vollspektrum","11":"first","12":"instock","13":"taxable","14":"shipping-taxable","15":"purchasable","16":"product-type-simple"},"yoast_head":"<!-- This site is optimized with the Yoast SEO plugin v27.5 - https:\/\/yoast.com\/product\/yoast-seo-wordpress\/ -->\n<title>CBD \u00d6l 7%15ml - Vollspektrum - MixAgro CBD<\/title>\n<meta name=\"robots\" content=\"index, follow, max-snippet:-1, max-image-preview:large, max-video-preview:-1\" \/>\n<link rel=\"canonical\" href=\"https:\/\/mixagrocbd.com\/de\/produkt\/cbd-oel-7ml-vollspektrum\/\" \/>\n<meta property=\"og:locale\" content=\"de_DE\" \/>\n<meta property=\"og:type\" content=\"article\" \/>\n<meta property=\"og:title\" content=\"CBD \u00d6l 7%15ml - Vollspektrum - MixAgro CBD\" \/>\n<meta property=\"og:description\" content=\"F\u00fcr das allt\u00e4gliche Wohlbefinden und St\u00e4rkung des Immunsystems. Leichte Version f\u00fcr CBD-Einsteiger. Mit hanfig fruchtigem Geschmack.    INHALT \u2013 15ml MCT \u00d6l mit CBD und wertvollem CBN and CBG   QUALIT\u00c4T \u2013 Nat\u00fcrliches Vollspektrum-CBD-\u00d6l auf Basis von hochwertigem MCT-\u00d6l   VORTEILE \u2013 100 % Naturprodukt \u2013 Vegan, keine Tierversuche, glutenfrei, im Labor getestet, THC-frei   ANWENDUNG \u2013 Einfache Dosierung durch praktische Pipettenflasche\" \/>\n<meta property=\"og:url\" content=\"https:\/\/mixagrocbd.com\/de\/produkt\/cbd-oel-7ml-vollspektrum\/\" \/>\n<meta property=\"og:site_name\" content=\"MixAgro CBD\" \/>\n<meta property=\"article:publisher\" content=\"https:\/\/www.facebook.com\/MixAgroCBD\/\" \/>\n<meta property=\"article:modified_time\" content=\"2024-06-12T16:53:25+00:00\" \/>\n<meta property=\"og:image\" content=\"https:\/\/mixagrocbd.com\/wp-content\/uploads\/2023\/09\/2-scaled.jpg\" \/>\n\t<meta property=\"og:image:width\" content=\"2560\" \/>\n\t<meta property=\"og:image:height\" content=\"2560\" \/>\n\t<meta property=\"og:image:type\" content=\"image\/jpeg\" \/>\n<meta name=\"twitter:card\" content=\"summary_large_image\" \/>\n<meta name=\"twitter:label1\" content=\"Gesch\u00e4tzte Lesezeit\" \/>\n\t<meta name=\"twitter:data1\" content=\"1\u00a0Minute\" \/>\n<script type=\"application\/ld+json\" class=\"yoast-schema-graph\">{\"@context\":\"https:\\\/\\\/schema.org\",\"@graph\":[{\"@type\":\"WebPage\",\"@id\":\"https:\\\/\\\/mixagrocbd.com\\\/de\\\/produkt\\\/cbd-oel-7ml-vollspektrum\\\/\",\"url\":\"https:\\\/\\\/mixagrocbd.com\\\/de\\\/produkt\\\/cbd-oel-7ml-vollspektrum\\\/\",\"name\":\"CBD \u00d6l 7% 15ml - Vollspektrum - MixAgro CBD\",\"isPartOf\":{\"@id\":\"https:\\\/\\\/mixagrocbd.com\\\/de\\\/#website\"},\"primaryImageOfPage\":{\"@id\":\"https:\\\/\\\/mixagrocbd.com\\\/de\\\/produkt\\\/cbd-oel-7ml-vollspektrum\\\/#primaryimage\"},\"image\":{\"@id\":\"https:\\\/\\\/mixagrocbd.com\\\/de\\\/produkt\\\/cbd-oel-7ml-vollspektrum\\\/#primaryimage\"},\"thumbnailUrl\":\"https:\\\/\\\/mixagrocbd.com\\\/wp-content\\\/uploads\\\/2023\\\/09\\\/1-scaled.jpg\",\"datePublished\":\"2023-09-13T23:29:01+00:00\",\"dateModified\":\"2024-06-12T16:53:25+00:00\",\"breadcrumb\":{\"@id\":\"https:\\\/\\\/mixagrocbd.com\\\/de\\\/produkt\\\/cbd-oel-7ml-vollspektrum\\\/#breadcrumb\"},\"inLanguage\":\"de\",\"potentialAction\":[{\"@type\":\"ReadAction\",\"target\":[\"https:\\\/\\\/mixagrocbd.com\\\/de\\\/produkt\\\/cbd-oel-7ml-vollspektrum\\\/\"]}]},{\"@type\":\"ImageObject\",\"inLanguage\":\"de\",\"@id\":\"https:\\\/\\\/mixagrocbd.com\\\/de\\\/produkt\\\/cbd-oel-7ml-vollspektrum\\\/#primaryimage\",\"url\":\"https:\\\/\\\/mixagrocbd.com\\\/wp-content\\\/uploads\\\/2023\\\/09\\\/1-scaled.jpg\",\"contentUrl\":\"https:\\\/\\\/mixagrocbd.com\\\/wp-content\\\/uploads\\\/2023\\\/09\\\/1-scaled.jpg\",\"width\":2560,\"height\":2560},{\"@type\":\"BreadcrumbList\",\"@id\":\"https:\\\/\\\/mixagrocbd.com\\\/de\\\/produkt\\\/cbd-oel-7ml-vollspektrum\\\/#breadcrumb\",\"itemListElement\":[{\"@type\":\"ListItem\",\"position\":1,\"name\":\"Home\",\"item\":\"https:\\\/\\\/mixagrocbd.com\\\/de\\\/\"},{\"@type\":\"ListItem\",\"position\":2,\"name\":\"Shop DE\",\"item\":\"https:\\\/\\\/mixagrocbd.com\\\/de\\\/shop-de\\\/\"},{\"@type\":\"ListItem\",\"position\":3,\"name\":\"CBD \u00d6l 7%15ml &#8211; Vollspektrum\"}]},{\"@type\":\"WebSite\",\"@id\":\"https:\\\/\\\/mixagrocbd.com\\\/de\\\/#website\",\"url\":\"https:\\\/\\\/mixagrocbd.com\\\/de\\\/\",\"name\":\"MixAgro CBD\",\"description\":\"Premium CBD and Derivatives\",\"publisher\":{\"@id\":\"https:\\\/\\\/mixagrocbd.com\\\/de\\\/#organization\"},\"potentialAction\":[{\"@type\":\"SearchAction\",\"target\":{\"@type\":\"EntryPoint\",\"urlTemplate\":\"https:\\\/\\\/mixagrocbd.com\\\/de\\\/?s={search_term_string}\"},\"query-input\":{\"@type\":\"PropertyValueSpecification\",\"valueRequired\":true,\"valueName\":\"search_term_string\"}}],\"inLanguage\":\"de\"},{\"@type\":\"Organization\",\"@id\":\"https:\\\/\\\/mixagrocbd.com\\\/de\\\/#organization\",\"name\":\"MixAgro CBD\",\"url\":\"https:\\\/\\\/mixagrocbd.com\\\/de\\\/\",\"logo\":{\"@type\":\"ImageObject\",\"inLanguage\":\"de\",\"@id\":\"https:\\\/\\\/mixagrocbd.com\\\/de\\\/#\\\/schema\\\/logo\\\/image\\\/\",\"url\":\"https:\\\/\\\/mixagrocbd.com\\\/wp-content\\\/uploads\\\/2023\\\/11\\\/MixAGRO-1.png\",\"contentUrl\":\"https:\\\/\\\/mixagrocbd.com\\\/wp-content\\\/uploads\\\/2023\\\/11\\\/MixAGRO-1.png\",\"width\":276,\"height\":152,\"caption\":\"MixAgro CBD\"},\"image\":{\"@id\":\"https:\\\/\\\/mixagrocbd.com\\\/de\\\/#\\\/schema\\\/logo\\\/image\\\/\"},\"sameAs\":[\"https:\\\/\\\/www.facebook.com\\\/MixAgroCBD\\\/\",\"https:\\\/\\\/www.instagram.com\\\/mixagro_cbd\\\/\",\"https:\\\/\\\/www.linkedin.com\\\/company\\\/mixagro-s-r-o\\\/\"]}]}<\/script>\n<!-- \/ Yoast SEO plugin. -->","yoast_head_json":{"title":"CBD \u00d6l 7%15ml - Vollspektrum - MixAgro CBD","robots":{"index":"index","follow":"follow","max-snippet":"max-snippet:-1","max-image-preview":"max-image-preview:large","max-video-preview":"max-video-preview:-1"},"canonical":"https:\/\/mixagrocbd.com\/de\/produkt\/cbd-oel-7ml-vollspektrum\/","og_locale":"de_DE","og_type":"article","og_title":"CBD \u00d6l 7%15ml - Vollspektrum - MixAgro CBD","og_description":"F\u00fcr das allt\u00e4gliche Wohlbefinden und St\u00e4rkung des Immunsystems. Leichte Version f\u00fcr CBD-Einsteiger. Mit hanfig fruchtigem Geschmack.    INHALT \u2013 15ml MCT \u00d6l mit CBD und wertvollem CBN and CBG   QUALIT\u00c4T \u2013 Nat\u00fcrliches Vollspektrum-CBD-\u00d6l auf Basis von hochwertigem MCT-\u00d6l   VORTEILE \u2013 100 % Naturprodukt \u2013 Vegan, keine Tierversuche, glutenfrei, im Labor getestet, THC-frei   ANWENDUNG \u2013 Einfache Dosierung durch praktische Pipettenflasche","og_url":"https:\/\/mixagrocbd.com\/de\/produkt\/cbd-oel-7ml-vollspektrum\/","og_site_name":"MixAgro CBD","article_publisher":"https:\/\/www.facebook.com\/MixAgroCBD\/","article_modified_time":"2024-06-12T16:53:25+00:00","og_image":[{"width":2560,"height":2560,"url":"https:\/\/mixagrocbd.com\/wp-content\/uploads\/2023\/09\/2-scaled.jpg","type":"image\/jpeg"}],"twitter_card":"summary_large_image","twitter_misc":{"Gesch\u00e4tzte Lesezeit":"1\u00a0Minute"},"schema":{"@context":"https:\/\/schema.org","@graph":[{"@type":"WebPage","@id":"https:\/\/mixagrocbd.com\/de\/produkt\/cbd-oel-7ml-vollspektrum\/","url":"https:\/\/mixagrocbd.com\/de\/produkt\/cbd-oel-7ml-vollspektrum\/","name":"CBD \u00d6l 7% 15ml - Vollspektrum - MixAgro CBD","isPartOf":{"@id":"https:\/\/mixagrocbd.com\/de\/#website"},"primaryImageOfPage":{"@id":"https:\/\/mixagrocbd.com\/de\/produkt\/cbd-oel-7ml-vollspektrum\/#primaryimage"},"image":{"@id":"https:\/\/mixagrocbd.com\/de\/produkt\/cbd-oel-7ml-vollspektrum\/#primaryimage"},"thumbnailUrl":"https:\/\/mixagrocbd.com\/wp-content\/uploads\/2023\/09\/1-scaled.jpg","datePublished":"2023-09-13T23:29:01+00:00","dateModified":"2024-06-12T16:53:25+00:00","breadcrumb":{"@id":"https:\/\/mixagrocbd.com\/de\/produkt\/cbd-oel-7ml-vollspektrum\/#breadcrumb"},"inLanguage":"de","potentialAction":[{"@type":"ReadAction","target":["https:\/\/mixagrocbd.com\/de\/produkt\/cbd-oel-7ml-vollspektrum\/"]}]},{"@type":"ImageObject","inLanguage":"de","@id":"https:\/\/mixagrocbd.com\/de\/produkt\/cbd-oel-7ml-vollspektrum\/#primaryimage","url":"https:\/\/mixagrocbd.com\/wp-content\/uploads\/2023\/09\/1-scaled.jpg","contentUrl":"https:\/\/mixagrocbd.com\/wp-content\/uploads\/2023\/09\/1-scaled.jpg","width":2560,"height":2560},{"@type":"BreadcrumbList","@id":"https:\/\/mixagrocbd.com\/de\/produkt\/cbd-oel-7ml-vollspektrum\/#breadcrumb","itemListElement":[{"@type":"ListItem","position":1,"name":"Home","item":"https:\/\/mixagrocbd.com\/de\/"},{"@type":"ListItem","position":2,"name":"Shop DE","item":"https:\/\/mixagrocbd.com\/de\/shop-de\/"},{"@type":"ListItem","position":3,"name":"CBD \u00d6l 7%15ml &#8211; Vollspektrum"}]},{"@type":"WebSite","@id":"https:\/\/mixagrocbd.com\/de\/#website","url":"https:\/\/mixagrocbd.com\/de\/","name":"MixAgro CBD","description":"Premium CBD and Derivatives","publisher":{"@id":"https:\/\/mixagrocbd.com\/de\/#organization"},"potentialAction":[{"@type":"SearchAction","target":{"@type":"EntryPoint","urlTemplate":"https:\/\/mixagrocbd.com\/de\/?s={search_term_string}"},"query-input":{"@type":"PropertyValueSpecification","valueRequired":true,"valueName":"search_term_string"}}],"inLanguage":"de"},{"@type":"Organization","@id":"https:\/\/mixagrocbd.com\/de\/#organization","name":"MixAgro CBD","url":"https:\/\/mixagrocbd.com\/de\/","logo":{"@type":"ImageObject","inLanguage":"de","@id":"https:\/\/mixagrocbd.com\/de\/#\/schema\/logo\/image\/","url":"https:\/\/mixagrocbd.com\/wp-content\/uploads\/2023\/11\/MixAGRO-1.png","contentUrl":"https:\/\/mixagrocbd.com\/wp-content\/uploads\/2023\/11\/MixAGRO-1.png","width":276,"height":152,"caption":"MixAgro CBD"},"image":{"@id":"https:\/\/mixagrocbd.com\/de\/#\/schema\/logo\/image\/"},"sameAs":["https:\/\/www.facebook.com\/MixAgroCBD\/","https:\/\/www.instagram.com\/mixagro_cbd\/","https:\/\/www.linkedin.com\/company\/mixagro-s-r-o\/"]}]}},"_links":{"self":[{"href":"https:\/\/mixagrocbd.com\/de\/wp-json\/wp\/v2\/product\/1130","targetHints":{"allow":["GET"]}}],"collection":[{"href":"https:\/\/mixagrocbd.com\/de\/wp-json\/wp\/v2\/product"}],"about":[{"href":"https:\/\/mixagrocbd.com\/de\/wp-json\/wp\/v2\/types\/product"}],"version-history":[{"count":1,"href":"https:\/\/mixagrocbd.com\/de\/wp-json\/wp\/v2\/product\/1130\/revisions"}],"predecessor-version":[{"id":2143,"href":"https:\/\/mixagrocbd.com\/de\/wp-json\/wp\/v2\/product\/1130\/revisions\/2143"}],"wp:featuredmedia":[{"embeddable":true,"href":"https:\/\/mixagrocbd.com\/de\/wp-json\/wp\/v2\/media\/2131"}],"wp:attachment":[{"href":"https:\/\/mixagrocbd.com\/de\/wp-json\/wp\/v2\/media?parent=1130"}],"wp:term":[{"taxonomy":"product_brand","embeddable":true,"href":"https:\/\/mixagrocbd.com\/de\/wp-json\/wp\/v2\/product_brand?post=1130"},{"taxonomy":"product_cat","embeddable":true,"href":"https:\/\/mixagrocbd.com\/de\/wp-json\/wp\/v2\/product_cat?post=1130"},{"taxonomy":"product_tag","embeddable":true,"href":"https:\/\/mixagrocbd.com\/de\/wp-json\/wp\/v2\/product_tag?post=1130"}],"curies":[{"name":"wp","href":"https:\/\/api.w.org\/{rel}","templated":true}]}}