{"id":1119,"date":"2023-10-13T09:18:17","date_gmt":"2023-10-13T09:18:17","guid":{"rendered":"https:\/\/mixagrocbd.com\/?post_type=product&#038;p=1119"},"modified":"2024-03-29T15:48:45","modified_gmt":"2024-03-29T15:48:45","slug":"cbd-relief-oil5-50ml-volles-spektrum","status":"publish","type":"product","link":"https:\/\/mixagrocbd.com\/de\/produkt\/cbd-relief-oil5-50ml-volles-spektrum\/","title":{"rendered":"CBD RELIEF OIL<br>5% 50ml &#8211; Volles Spektrum"},"content":{"rendered":"<p><span data-sheets-root=\"1\" data-sheets-value=\"{&quot;1&quot;:2,&quot;2&quot;:&quot;Premium CBD Relief \u00d6lspray mit wertvollem MCT-\u00d6l \u2013 nat\u00fcrliche Kokosnuss-Capryls\u00e4ure (Coco Nucifera Extrakt). \\r\\nMixAGRO CBD Spray bringt Erleichterung in Ihren Tag. Es kann bei Schmerzen einfach auf die betroffene Stelle aufgespr\u00fcht und einmassiert werden. CBD kann zur Schmerzlinderung beitragen, da es entz\u00fcndungshemmende, krampfl\u00f6sende und schmerzlindernde Eigenschaften hat. MCT-\u00d6l hat ebenfalls zahlreiche Vorteile f\u00fcr das Wohlbefinden. Au\u00dferdem hat es eine sehr n\u00e4hrende Eigenschaft f\u00fcr die Haut. Es kann bei sehr unreiner Haut oder Akne ein besseres Hautbild verschaffen.\\r\\n&quot;}\" data-sheets-userformat=\"{&quot;2&quot;:9089,&quot;3&quot;:{&quot;1&quot;:0},&quot;10&quot;:0,&quot;11&quot;:4,&quot;12&quot;:0,&quot;16&quot;:10}\">Premium CBD Relief \u00d6lspray mit wertvollem MCT-\u00d6l \u2013 nat\u00fcrliche Kokosnuss-Capryls\u00e4ure (Coco Nucifera Extrakt).<\/span><span data-sheets-root=\"1\" data-sheets-value=\"{&quot;1&quot;:2,&quot;2&quot;:&quot;Premium CBD Relief \u00d6lspray mit wertvollem MCT-\u00d6l \u2013 nat\u00fcrliche Kokosnuss-Capryls\u00e4ure (Coco Nucifera Extrakt). \\r\\nMixAGRO CBD Spray bringt Erleichterung in Ihren Tag. Es kann bei Schmerzen einfach auf die betroffene Stelle aufgespr\u00fcht und einmassiert werden. CBD kann zur Schmerzlinderung beitragen, da es entz\u00fcndungshemmende, krampfl\u00f6sende und schmerzlindernde Eigenschaften hat. MCT-\u00d6l hat ebenfalls zahlreiche Vorteile f\u00fcr das Wohlbefinden. Au\u00dferdem hat es eine sehr n\u00e4hrende Eigenschaft f\u00fcr die Haut. Es kann bei sehr unreiner Haut oder Akne ein besseres Hautbild verschaffen.\\r\\n&quot;}\" data-sheets-userformat=\"{&quot;2&quot;:9089,&quot;3&quot;:{&quot;1&quot;:0},&quot;10&quot;:0,&quot;11&quot;:4,&quot;12&quot;:0,&quot;16&quot;:10}\"><br \/>\n<\/span><\/p>\n<p><span data-sheets-root=\"1\" data-sheets-value=\"{&quot;1&quot;:2,&quot;2&quot;:&quot;Premium CBD Relief \u00d6lspray mit wertvollem MCT-\u00d6l \u2013 nat\u00fcrliche Kokosnuss-Capryls\u00e4ure (Coco Nucifera Extrakt). \\r\\nMixAGRO CBD Spray bringt Erleichterung in Ihren Tag. Es kann bei Schmerzen einfach auf die betroffene Stelle aufgespr\u00fcht und einmassiert werden. CBD kann zur Schmerzlinderung beitragen, da es entz\u00fcndungshemmende, krampfl\u00f6sende und schmerzlindernde Eigenschaften hat. MCT-\u00d6l hat ebenfalls zahlreiche Vorteile f\u00fcr das Wohlbefinden. Au\u00dferdem hat es eine sehr n\u00e4hrende Eigenschaft f\u00fcr die Haut. Es kann bei sehr unreiner Haut oder Akne ein besseres Hautbild verschaffen.\\r\\n&quot;}\" data-sheets-userformat=\"{&quot;2&quot;:9089,&quot;3&quot;:{&quot;1&quot;:0},&quot;10&quot;:0,&quot;11&quot;:4,&quot;12&quot;:0,&quot;16&quot;:10}\">MixAGRO CBD Spray bringt Erleichterung in Ihren Tag. Es kann bei Schmerzen einfach auf die betroffene Stelle aufgespr\u00fcht und einmassiert werden. CBD kann zur Schmerzlinderung beitragen, da es entz\u00fcndungshemmende, krampfl\u00f6sende und schmerzlindernde Eigenschaften hat. MCT-\u00d6l hat ebenfalls zahlreiche Vorteile f\u00fcr das Wohlbefinden. Au\u00dferdem hat es eine sehr n\u00e4hrende Eigenschaft f\u00fcr die Haut. Es kann bei sehr unreiner Haut oder Akne ein besseres Hautbild verschaffen.<br \/>\n<\/span><\/p>\n","protected":false},"excerpt":{"rendered":"<p><span data-sheets-root=\"1\" data-sheets-value=\"{&quot;1&quot;:2,&quot;2&quot;:&quot;F\u00fcr die direkte Anwendung auf der Haut, zum Aufspr\u00fchen und Einmassieren. Geeignet f\u00fcr schmerzende Stellen oder zur Verbesserung des Hautbildes.\\r\\nINHALT \u2013 50ml MCT \u00d6l mit 5% CBD, CBN und CBG\\r\\nQUALIT\u00c4T \u2013 Nat\u00fcrliches Vollspektrum-CBD-\u00d6l auf Basis von hochwertigem MCT-\u00d6l\\r\\nVORTEILE \u2013 100 % Naturprodukt \u2013 Vegan, keine Tierversuche, glutenfrei, im Labor getestet, THC-frei\\r\\nANWENDUNG \u2013 Einfache Anwendung durch Spray-Kopf\\r\\n&quot;}\" data-sheets-userformat=\"{&quot;2&quot;:9089,&quot;3&quot;:{&quot;1&quot;:0},&quot;10&quot;:0,&quot;11&quot;:4,&quot;12&quot;:0,&quot;16&quot;:10}\">F\u00fcr die direkte Anwendung auf der Haut, zum Aufspr\u00fchen und Einmassieren. Geeignet f\u00fcr schmerzende Stellen oder zur Verbesserung des Hautbildes.<br \/>\nINHALT \u2013 50ml MCT \u00d6l mit 5% CBD, CBN und CBG<br \/>\nQUALIT\u00c4T \u2013 Nat\u00fcrliches Vollspektrum-CBD-\u00d6l auf Basis von hochwertigem MCT-\u00d6l<br \/>\nVORTEILE \u2013 100 % Naturprodukt \u2013 Vegan, keine Tierversuche, glutenfrei, im Labor getestet, THC-frei<br \/>\nANWENDUNG \u2013 Einfache Anwendung durch Spray-Kopf<br \/>\n<\/span><\/p>\n","protected":false},"featured_media":1436,"template":"","meta":[],"product_brand":[],"product_cat":[168,166],"product_tag":[324,325,326,322,327],"class_list":{"0":"post-1119","1":"product","2":"type-product","3":"status-publish","4":"has-post-thumbnail","6":"product_cat-cbd-oele","7":"product_cat-oele","8":"product_tag-cbd-de","9":"product_tag-cbg-de","10":"product_tag-cbn-de","11":"product_tag-massage-de","12":"product_tag-oil-de","14":"first","15":"instock","16":"taxable","17":"shipping-taxable","18":"purchasable","19":"product-type-simple"},"yoast_head":"<!-- This site is optimized with the Yoast SEO plugin v27.5 - https:\/\/yoast.com\/product\/yoast-seo-wordpress\/ -->\n<title>CBD RELIEF OIL5% 50ml - Volles Spektrum - MixAgro CBD<\/title>\n<meta name=\"description\" content=\"Our CBD Relief oil can help relieve pain as it has anti-inflammatory, antispasmodic and analgesic properties.\" \/>\n<meta name=\"robots\" content=\"index, follow, max-snippet:-1, max-image-preview:large, max-video-preview:-1\" \/>\n<link rel=\"canonical\" href=\"https:\/\/mixagrocbd.com\/de\/produkt\/cbd-relief-oil5-50ml-volles-spektrum\/\" \/>\n<meta property=\"og:locale\" content=\"de_DE\" \/>\n<meta property=\"og:type\" content=\"article\" \/>\n<meta property=\"og:title\" content=\"CBD RELIEF OIL5% 50ml - Volles Spektrum - MixAgro CBD\" \/>\n<meta property=\"og:description\" content=\"Our CBD Relief oil can help relieve pain as it has anti-inflammatory, antispasmodic and analgesic properties.\" \/>\n<meta property=\"og:url\" content=\"https:\/\/mixagrocbd.com\/de\/produkt\/cbd-relief-oil5-50ml-volles-spektrum\/\" \/>\n<meta property=\"og:site_name\" content=\"MixAgro CBD\" \/>\n<meta property=\"article:publisher\" content=\"https:\/\/www.facebook.com\/MixAgroCBD\/\" \/>\n<meta property=\"article:modified_time\" content=\"2024-03-29T15:48:45+00:00\" \/>\n<meta property=\"og:image\" content=\"https:\/\/mixagrocbd.com\/wp-content\/uploads\/2023\/10\/1925-fondo-e1711396069352.png\" \/>\n\t<meta property=\"og:image:width\" content=\"2497\" \/>\n\t<meta property=\"og:image:height\" content=\"2497\" \/>\n\t<meta property=\"og:image:type\" content=\"image\/png\" \/>\n<meta name=\"twitter:card\" content=\"summary_large_image\" \/>\n<meta name=\"twitter:label1\" content=\"Gesch\u00e4tzte Lesezeit\" \/>\n\t<meta name=\"twitter:data1\" content=\"1\u00a0Minute\" \/>\n<script type=\"application\/ld+json\" class=\"yoast-schema-graph\">{\"@context\":\"https:\\\/\\\/schema.org\",\"@graph\":[{\"@type\":\"WebPage\",\"@id\":\"https:\\\/\\\/mixagrocbd.com\\\/de\\\/produkt\\\/cbd-relief-oil5-50ml-volles-spektrum\\\/\",\"url\":\"https:\\\/\\\/mixagrocbd.com\\\/de\\\/produkt\\\/cbd-relief-oil5-50ml-volles-spektrum\\\/\",\"name\":\"CBD RELIEF OIL 5% 50ml - Volles Spektrum - MixAgro CBD\",\"isPartOf\":{\"@id\":\"https:\\\/\\\/mixagrocbd.com\\\/de\\\/#website\"},\"primaryImageOfPage\":{\"@id\":\"https:\\\/\\\/mixagrocbd.com\\\/de\\\/produkt\\\/cbd-relief-oil5-50ml-volles-spektrum\\\/#primaryimage\"},\"image\":{\"@id\":\"https:\\\/\\\/mixagrocbd.com\\\/de\\\/produkt\\\/cbd-relief-oil5-50ml-volles-spektrum\\\/#primaryimage\"},\"thumbnailUrl\":\"https:\\\/\\\/mixagrocbd.com\\\/wp-content\\\/uploads\\\/2023\\\/10\\\/1925-fondo-e1711396069352.png\",\"datePublished\":\"2023-10-13T09:18:17+00:00\",\"dateModified\":\"2024-03-29T15:48:45+00:00\",\"description\":\"Our CBD Relief oil can help relieve pain as it has anti-inflammatory, antispasmodic and analgesic properties.\",\"breadcrumb\":{\"@id\":\"https:\\\/\\\/mixagrocbd.com\\\/de\\\/produkt\\\/cbd-relief-oil5-50ml-volles-spektrum\\\/#breadcrumb\"},\"inLanguage\":\"de\",\"potentialAction\":[{\"@type\":\"ReadAction\",\"target\":[\"https:\\\/\\\/mixagrocbd.com\\\/de\\\/produkt\\\/cbd-relief-oil5-50ml-volles-spektrum\\\/\"]}]},{\"@type\":\"ImageObject\",\"inLanguage\":\"de\",\"@id\":\"https:\\\/\\\/mixagrocbd.com\\\/de\\\/produkt\\\/cbd-relief-oil5-50ml-volles-spektrum\\\/#primaryimage\",\"url\":\"https:\\\/\\\/mixagrocbd.com\\\/wp-content\\\/uploads\\\/2023\\\/10\\\/1925-fondo-e1711396069352.png\",\"contentUrl\":\"https:\\\/\\\/mixagrocbd.com\\\/wp-content\\\/uploads\\\/2023\\\/10\\\/1925-fondo-e1711396069352.png\",\"width\":2497,\"height\":2497},{\"@type\":\"BreadcrumbList\",\"@id\":\"https:\\\/\\\/mixagrocbd.com\\\/de\\\/produkt\\\/cbd-relief-oil5-50ml-volles-spektrum\\\/#breadcrumb\",\"itemListElement\":[{\"@type\":\"ListItem\",\"position\":1,\"name\":\"Home\",\"item\":\"https:\\\/\\\/mixagrocbd.com\\\/de\\\/\"},{\"@type\":\"ListItem\",\"position\":2,\"name\":\"Shop DE\",\"item\":\"https:\\\/\\\/mixagrocbd.com\\\/de\\\/shop-de\\\/\"},{\"@type\":\"ListItem\",\"position\":3,\"name\":\"CBD RELIEF OIL5% 50ml &#8211; Volles Spektrum\"}]},{\"@type\":\"WebSite\",\"@id\":\"https:\\\/\\\/mixagrocbd.com\\\/de\\\/#website\",\"url\":\"https:\\\/\\\/mixagrocbd.com\\\/de\\\/\",\"name\":\"MixAgro CBD\",\"description\":\"Premium CBD and Derivatives\",\"publisher\":{\"@id\":\"https:\\\/\\\/mixagrocbd.com\\\/de\\\/#organization\"},\"potentialAction\":[{\"@type\":\"SearchAction\",\"target\":{\"@type\":\"EntryPoint\",\"urlTemplate\":\"https:\\\/\\\/mixagrocbd.com\\\/de\\\/?s={search_term_string}\"},\"query-input\":{\"@type\":\"PropertyValueSpecification\",\"valueRequired\":true,\"valueName\":\"search_term_string\"}}],\"inLanguage\":\"de\"},{\"@type\":\"Organization\",\"@id\":\"https:\\\/\\\/mixagrocbd.com\\\/de\\\/#organization\",\"name\":\"MixAgro CBD\",\"url\":\"https:\\\/\\\/mixagrocbd.com\\\/de\\\/\",\"logo\":{\"@type\":\"ImageObject\",\"inLanguage\":\"de\",\"@id\":\"https:\\\/\\\/mixagrocbd.com\\\/de\\\/#\\\/schema\\\/logo\\\/image\\\/\",\"url\":\"https:\\\/\\\/mixagrocbd.com\\\/wp-content\\\/uploads\\\/2023\\\/11\\\/MixAGRO-1.png\",\"contentUrl\":\"https:\\\/\\\/mixagrocbd.com\\\/wp-content\\\/uploads\\\/2023\\\/11\\\/MixAGRO-1.png\",\"width\":276,\"height\":152,\"caption\":\"MixAgro CBD\"},\"image\":{\"@id\":\"https:\\\/\\\/mixagrocbd.com\\\/de\\\/#\\\/schema\\\/logo\\\/image\\\/\"},\"sameAs\":[\"https:\\\/\\\/www.facebook.com\\\/MixAgroCBD\\\/\",\"https:\\\/\\\/www.instagram.com\\\/mixagro_cbd\\\/\",\"https:\\\/\\\/www.linkedin.com\\\/company\\\/mixagro-s-r-o\\\/\"]}]}<\/script>\n<!-- \/ Yoast SEO plugin. -->","yoast_head_json":{"title":"CBD RELIEF OIL5% 50ml - Volles Spektrum - MixAgro CBD","description":"Our CBD Relief oil can help relieve pain as it has anti-inflammatory, antispasmodic and analgesic properties.","robots":{"index":"index","follow":"follow","max-snippet":"max-snippet:-1","max-image-preview":"max-image-preview:large","max-video-preview":"max-video-preview:-1"},"canonical":"https:\/\/mixagrocbd.com\/de\/produkt\/cbd-relief-oil5-50ml-volles-spektrum\/","og_locale":"de_DE","og_type":"article","og_title":"CBD RELIEF OIL5% 50ml - Volles Spektrum - MixAgro CBD","og_description":"Our CBD Relief oil can help relieve pain as it has anti-inflammatory, antispasmodic and analgesic properties.","og_url":"https:\/\/mixagrocbd.com\/de\/produkt\/cbd-relief-oil5-50ml-volles-spektrum\/","og_site_name":"MixAgro CBD","article_publisher":"https:\/\/www.facebook.com\/MixAgroCBD\/","article_modified_time":"2024-03-29T15:48:45+00:00","og_image":[{"width":2497,"height":2497,"url":"https:\/\/mixagrocbd.com\/wp-content\/uploads\/2023\/10\/1925-fondo-e1711396069352.png","type":"image\/png"}],"twitter_card":"summary_large_image","twitter_misc":{"Gesch\u00e4tzte Lesezeit":"1\u00a0Minute"},"schema":{"@context":"https:\/\/schema.org","@graph":[{"@type":"WebPage","@id":"https:\/\/mixagrocbd.com\/de\/produkt\/cbd-relief-oil5-50ml-volles-spektrum\/","url":"https:\/\/mixagrocbd.com\/de\/produkt\/cbd-relief-oil5-50ml-volles-spektrum\/","name":"CBD RELIEF OIL 5% 50ml - Volles Spektrum - MixAgro CBD","isPartOf":{"@id":"https:\/\/mixagrocbd.com\/de\/#website"},"primaryImageOfPage":{"@id":"https:\/\/mixagrocbd.com\/de\/produkt\/cbd-relief-oil5-50ml-volles-spektrum\/#primaryimage"},"image":{"@id":"https:\/\/mixagrocbd.com\/de\/produkt\/cbd-relief-oil5-50ml-volles-spektrum\/#primaryimage"},"thumbnailUrl":"https:\/\/mixagrocbd.com\/wp-content\/uploads\/2023\/10\/1925-fondo-e1711396069352.png","datePublished":"2023-10-13T09:18:17+00:00","dateModified":"2024-03-29T15:48:45+00:00","description":"Our CBD Relief oil can help relieve pain as it has anti-inflammatory, antispasmodic and analgesic properties.","breadcrumb":{"@id":"https:\/\/mixagrocbd.com\/de\/produkt\/cbd-relief-oil5-50ml-volles-spektrum\/#breadcrumb"},"inLanguage":"de","potentialAction":[{"@type":"ReadAction","target":["https:\/\/mixagrocbd.com\/de\/produkt\/cbd-relief-oil5-50ml-volles-spektrum\/"]}]},{"@type":"ImageObject","inLanguage":"de","@id":"https:\/\/mixagrocbd.com\/de\/produkt\/cbd-relief-oil5-50ml-volles-spektrum\/#primaryimage","url":"https:\/\/mixagrocbd.com\/wp-content\/uploads\/2023\/10\/1925-fondo-e1711396069352.png","contentUrl":"https:\/\/mixagrocbd.com\/wp-content\/uploads\/2023\/10\/1925-fondo-e1711396069352.png","width":2497,"height":2497},{"@type":"BreadcrumbList","@id":"https:\/\/mixagrocbd.com\/de\/produkt\/cbd-relief-oil5-50ml-volles-spektrum\/#breadcrumb","itemListElement":[{"@type":"ListItem","position":1,"name":"Home","item":"https:\/\/mixagrocbd.com\/de\/"},{"@type":"ListItem","position":2,"name":"Shop DE","item":"https:\/\/mixagrocbd.com\/de\/shop-de\/"},{"@type":"ListItem","position":3,"name":"CBD RELIEF OIL5% 50ml &#8211; Volles Spektrum"}]},{"@type":"WebSite","@id":"https:\/\/mixagrocbd.com\/de\/#website","url":"https:\/\/mixagrocbd.com\/de\/","name":"MixAgro CBD","description":"Premium CBD and Derivatives","publisher":{"@id":"https:\/\/mixagrocbd.com\/de\/#organization"},"potentialAction":[{"@type":"SearchAction","target":{"@type":"EntryPoint","urlTemplate":"https:\/\/mixagrocbd.com\/de\/?s={search_term_string}"},"query-input":{"@type":"PropertyValueSpecification","valueRequired":true,"valueName":"search_term_string"}}],"inLanguage":"de"},{"@type":"Organization","@id":"https:\/\/mixagrocbd.com\/de\/#organization","name":"MixAgro CBD","url":"https:\/\/mixagrocbd.com\/de\/","logo":{"@type":"ImageObject","inLanguage":"de","@id":"https:\/\/mixagrocbd.com\/de\/#\/schema\/logo\/image\/","url":"https:\/\/mixagrocbd.com\/wp-content\/uploads\/2023\/11\/MixAGRO-1.png","contentUrl":"https:\/\/mixagrocbd.com\/wp-content\/uploads\/2023\/11\/MixAGRO-1.png","width":276,"height":152,"caption":"MixAgro CBD"},"image":{"@id":"https:\/\/mixagrocbd.com\/de\/#\/schema\/logo\/image\/"},"sameAs":["https:\/\/www.facebook.com\/MixAgroCBD\/","https:\/\/www.instagram.com\/mixagro_cbd\/","https:\/\/www.linkedin.com\/company\/mixagro-s-r-o\/"]}]}},"_links":{"self":[{"href":"https:\/\/mixagrocbd.com\/de\/wp-json\/wp\/v2\/product\/1119","targetHints":{"allow":["GET"]}}],"collection":[{"href":"https:\/\/mixagrocbd.com\/de\/wp-json\/wp\/v2\/product"}],"about":[{"href":"https:\/\/mixagrocbd.com\/de\/wp-json\/wp\/v2\/types\/product"}],"version-history":[{"count":0,"href":"https:\/\/mixagrocbd.com\/de\/wp-json\/wp\/v2\/product\/1119\/revisions"}],"wp:featuredmedia":[{"embeddable":true,"href":"https:\/\/mixagrocbd.com\/de\/wp-json\/wp\/v2\/media\/1436"}],"wp:attachment":[{"href":"https:\/\/mixagrocbd.com\/de\/wp-json\/wp\/v2\/media?parent=1119"}],"wp:term":[{"taxonomy":"product_brand","embeddable":true,"href":"https:\/\/mixagrocbd.com\/de\/wp-json\/wp\/v2\/product_brand?post=1119"},{"taxonomy":"product_cat","embeddable":true,"href":"https:\/\/mixagrocbd.com\/de\/wp-json\/wp\/v2\/product_cat?post=1119"},{"taxonomy":"product_tag","embeddable":true,"href":"https:\/\/mixagrocbd.com\/de\/wp-json\/wp\/v2\/product_tag?post=1119"}],"curies":[{"name":"wp","href":"https:\/\/api.w.org\/{rel}","templated":true}]}}