{"id":982,"date":"2023-10-25T11:35:41","date_gmt":"2023-10-25T09:35:41","guid":{"rendered":"https:\/\/mixagrocbd.com\/?page_id=982"},"modified":"2024-10-25T07:56:45","modified_gmt":"2024-10-25T07:56:45","slug":"haftungsausschlus","status":"publish","type":"page","link":"https:\/\/mixagrocbd.com\/de\/haftungsausschlus\/","title":{"rendered":"Haftungsausschluss"},"content":{"rendered":"\n<h2 class=\"wp-block-heading\">Haftungsausschluss<\/h2>\n\n<p>Die auf dieser Website bereitgestellten allgemeinen Informationen dienen nur zu Informationszwecken und stellen keine ausdr\u00fcckliche oder stillschweigende Garantie dar. MixAGRO s.r.o. stellt sich nicht als Quelle medizinischer Informationen dar und unterst\u00fctzt oder garantiert die auf dieser Website enthaltenen Informationen nicht als medizinischen Rat oder Gesundheitsberatung.<\/p>\n\n<p>Keine der hier enthaltenen Informationen ist als medizinische Diagnose gedacht, noch sollte sie als medizinischer Rat oder als Empfehlung f\u00fcr eine medizinische Behandlung verstanden werden. Wenn Sie erw\u00e4gen, Ihren Lebensstil, Ihre Di\u00e4t oder Ihre Ern\u00e4hrung zu \u00e4ndern, empfehlen wir Ihnen, zun\u00e4chst Ihren Arzt oder Ihr medizinisches Fachpersonal zu konsultieren. Weder MixAGRO s.r.o. noch seine Vertreter erteilen medizinische Ratschl\u00e4ge, und dies sollte auf keinen Fall aus Ideen, Ratschl\u00e4gen, Erfahrungsberichten oder anderen Informationen abgeleitet werden, die auf dieser Website pr\u00e4sentiert oder per Telefon, Post oder E-Mail bereitgestellt werden.<\/p>\n\n<p>Wenn Sie glauben, dass Sie an einer Krankheit leiden oder gef\u00e4hrdet sind, bitten wir Sie dringend, sofort Ihren Arzt oder medizinisches Fachpersonal zu konsultieren. Sie sollten das Aufsuchen eines Arztes nicht hinausz\u00f6gern, einen \u00e4rztlichen Rat nicht missachten oder eine medizinische Behandlung aufgrund der von uns oder auf dieser Website bereitgestellten Informationen unterbrechen.<\/p>\n\n<p>Diese Website kann Links zu Websites Dritter enthalten. Wir stellen diese Links nur zu Informationszwecken zur Verf\u00fcgung und \u00fcbernehmen keine Verantwortung f\u00fcr den Inhalt und die Richtigkeit der Informationen auf diesen verlinkten Websites Dritter. Wenn Sie sich entscheiden, auf Informationen von verlinkten Websites Dritter zuzugreifen oder sich auf diese zu verlassen, tun Sie dies auf eigenes Risiko.<\/p>\n\n<p>MixAGRO s.r.o. lehnt jede Verantwortung f\u00fcr die Informationen innerhalb und au\u00dferhalb dieser Website ab. Wir behalten uns das Recht vor, jederzeit und ohne Vorank\u00fcndigung \u00c4nderungen und Aktualisierungen an den auf der Website enthaltenen Informationen oder ihrer Konfiguration und Pr\u00e4sentation vorzunehmen sowie den Zugang zu ihr vor\u00fcbergehend auszusetzen. Sowohl der Zugang zu dieser Website als auch die Nutzung der darin enthaltenen Informationen liegen in der alleinigen Verantwortung des Nutzers. MixAGRO s.r.o. haftet nicht f\u00fcr Folgen, Sch\u00e4den oder Beeintr\u00e4chtigungen, die sich aus einem solchen Zugang oder einer solchen Nutzung der Informationen ergeben k\u00f6nnen. Ebenso \u00fcbernehmen wir keine Verantwortung f\u00fcr eventuelle Sicherheitsfehler oder Sch\u00e4den am Computersystem des Nutzers (Hardware und Software) oder an den darauf gespeicherten Dateien oder Dokumenten, die auf das Vorhandensein von Viren auf dem Computer des Nutzers, auf eine Fehlfunktion des Browsers oder auf die Verwendung veralteter Browserversionen zur\u00fcckzuf\u00fchren sind.<\/p>\n","protected":false},"excerpt":{"rendered":"<p>Haftungsausschluss Die auf dieser Website bereitgestellten allgemeinen Informationen dienen nur zu Informationszwecken und stellen keine ausdr\u00fcckliche oder stillschweigende Garantie dar. MixAGRO s.r.o. stellt sich nicht als Quelle medizinischer Informationen dar und unterst\u00fctzt oder garantiert die auf dieser Website enthaltenen Informationen nicht als medizinischen Rat oder Gesundheitsberatung. Keine der hier enthaltenen Informationen ist als medizinische Diagnose [&hellip;]<\/p>\n","protected":false},"author":1,"featured_media":0,"parent":0,"menu_order":0,"comment_status":"closed","ping_status":"closed","template":"","meta":{"footnotes":""},"class_list":["post-982","page","type-page","status-publish","hentry"],"yoast_head":"<!-- This site is optimized with the Yoast SEO plugin v27.6 - https:\/\/yoast.com\/product\/yoast-seo-wordpress\/ -->\n<title>Haftungsausschluss - MixAgro CBD<\/title>\n<meta name=\"robots\" content=\"index, follow, max-snippet:-1, max-image-preview:large, max-video-preview:-1\" \/>\n<link rel=\"canonical\" href=\"https:\/\/mixagrocbd.com\/de\/haftungsausschlus\/\" \/>\n<meta property=\"og:locale\" content=\"de_DE\" \/>\n<meta property=\"og:type\" content=\"article\" \/>\n<meta property=\"og:title\" content=\"Haftungsausschluss - MixAgro CBD\" \/>\n<meta property=\"og:description\" content=\"Haftungsausschluss Die auf dieser Website bereitgestellten allgemeinen Informationen dienen nur zu Informationszwecken und stellen keine ausdr\u00fcckliche oder stillschweigende Garantie dar. MixAGRO s.r.o. stellt sich nicht als Quelle medizinischer Informationen dar und unterst\u00fctzt oder garantiert die auf dieser Website enthaltenen Informationen nicht als medizinischen Rat oder Gesundheitsberatung. Keine der hier enthaltenen Informationen ist als medizinische Diagnose [&hellip;]\" \/>\n<meta property=\"og:url\" content=\"https:\/\/mixagrocbd.com\/de\/haftungsausschlus\/\" \/>\n<meta property=\"og:site_name\" content=\"MixAgro CBD\" \/>\n<meta property=\"article:publisher\" content=\"https:\/\/www.facebook.com\/MixAgroCBD\/\" \/>\n<meta property=\"article:modified_time\" content=\"2024-10-25T07:56:45+00:00\" \/>\n<meta property=\"og:image\" content=\"https:\/\/mixagrocbd.com\/wp-content\/uploads\/2023\/09\/IMG_2007.jpg\" \/>\n\t<meta property=\"og:image:width\" content=\"2500\" \/>\n\t<meta property=\"og:image:height\" content=\"1667\" \/>\n\t<meta property=\"og:image:type\" content=\"image\/jpeg\" \/>\n<meta name=\"twitter:card\" content=\"summary_large_image\" \/>\n<meta name=\"twitter:label1\" content=\"Gesch\u00e4tzte Lesezeit\" \/>\n\t<meta name=\"twitter:data1\" content=\"2\u00a0Minuten\" \/>\n<script type=\"application\/ld+json\" class=\"yoast-schema-graph\">{\"@context\":\"https:\\\/\\\/schema.org\",\"@graph\":[{\"@type\":\"WebPage\",\"@id\":\"https:\\\/\\\/mixagrocbd.com\\\/de\\\/haftungsausschlus\\\/\",\"url\":\"https:\\\/\\\/mixagrocbd.com\\\/de\\\/haftungsausschlus\\\/\",\"name\":\"Haftungsausschluss - MixAgro CBD\",\"isPartOf\":{\"@id\":\"https:\\\/\\\/mixagrocbd.com\\\/de\\\/#website\"},\"datePublished\":\"2023-10-25T09:35:41+00:00\",\"dateModified\":\"2024-10-25T07:56:45+00:00\",\"breadcrumb\":{\"@id\":\"https:\\\/\\\/mixagrocbd.com\\\/de\\\/haftungsausschlus\\\/#breadcrumb\"},\"inLanguage\":\"de\",\"potentialAction\":[{\"@type\":\"ReadAction\",\"target\":[\"https:\\\/\\\/mixagrocbd.com\\\/de\\\/haftungsausschlus\\\/\"]}]},{\"@type\":\"BreadcrumbList\",\"@id\":\"https:\\\/\\\/mixagrocbd.com\\\/de\\\/haftungsausschlus\\\/#breadcrumb\",\"itemListElement\":[{\"@type\":\"ListItem\",\"position\":1,\"name\":\"Home\",\"item\":\"https:\\\/\\\/mixagrocbd.com\\\/de\\\/\"},{\"@type\":\"ListItem\",\"position\":2,\"name\":\"Haftungsausschluss\"}]},{\"@type\":\"WebSite\",\"@id\":\"https:\\\/\\\/mixagrocbd.com\\\/de\\\/#website\",\"url\":\"https:\\\/\\\/mixagrocbd.com\\\/de\\\/\",\"name\":\"MixAgro CBD\",\"description\":\"Premium CBD and Derivatives\",\"publisher\":{\"@id\":\"https:\\\/\\\/mixagrocbd.com\\\/de\\\/#organization\"},\"potentialAction\":[{\"@type\":\"SearchAction\",\"target\":{\"@type\":\"EntryPoint\",\"urlTemplate\":\"https:\\\/\\\/mixagrocbd.com\\\/de\\\/?s={search_term_string}\"},\"query-input\":{\"@type\":\"PropertyValueSpecification\",\"valueRequired\":true,\"valueName\":\"search_term_string\"}}],\"inLanguage\":\"de\"},{\"@type\":\"Organization\",\"@id\":\"https:\\\/\\\/mixagrocbd.com\\\/de\\\/#organization\",\"name\":\"MixAgro CBD\",\"url\":\"https:\\\/\\\/mixagrocbd.com\\\/de\\\/\",\"logo\":{\"@type\":\"ImageObject\",\"inLanguage\":\"de\",\"@id\":\"https:\\\/\\\/mixagrocbd.com\\\/de\\\/#\\\/schema\\\/logo\\\/image\\\/\",\"url\":\"https:\\\/\\\/mixagrocbd.com\\\/wp-content\\\/uploads\\\/2023\\\/11\\\/MixAGRO-1.png\",\"contentUrl\":\"https:\\\/\\\/mixagrocbd.com\\\/wp-content\\\/uploads\\\/2023\\\/11\\\/MixAGRO-1.png\",\"width\":276,\"height\":152,\"caption\":\"MixAgro CBD\"},\"image\":{\"@id\":\"https:\\\/\\\/mixagrocbd.com\\\/de\\\/#\\\/schema\\\/logo\\\/image\\\/\"},\"sameAs\":[\"https:\\\/\\\/www.facebook.com\\\/MixAgroCBD\\\/\",\"https:\\\/\\\/www.instagram.com\\\/mixagro_cbd\\\/\",\"https:\\\/\\\/www.linkedin.com\\\/company\\\/mixagro-s-r-o\\\/\"]}]}<\/script>\n<!-- \/ Yoast SEO plugin. -->","yoast_head_json":{"title":"Haftungsausschluss - MixAgro CBD","robots":{"index":"index","follow":"follow","max-snippet":"max-snippet:-1","max-image-preview":"max-image-preview:large","max-video-preview":"max-video-preview:-1"},"canonical":"https:\/\/mixagrocbd.com\/de\/haftungsausschlus\/","og_locale":"de_DE","og_type":"article","og_title":"Haftungsausschluss - MixAgro CBD","og_description":"Haftungsausschluss Die auf dieser Website bereitgestellten allgemeinen Informationen dienen nur zu Informationszwecken und stellen keine ausdr\u00fcckliche oder stillschweigende Garantie dar. MixAGRO s.r.o. stellt sich nicht als Quelle medizinischer Informationen dar und unterst\u00fctzt oder garantiert die auf dieser Website enthaltenen Informationen nicht als medizinischen Rat oder Gesundheitsberatung. Keine der hier enthaltenen Informationen ist als medizinische Diagnose [&hellip;]","og_url":"https:\/\/mixagrocbd.com\/de\/haftungsausschlus\/","og_site_name":"MixAgro CBD","article_publisher":"https:\/\/www.facebook.com\/MixAgroCBD\/","article_modified_time":"2024-10-25T07:56:45+00:00","og_image":[{"width":2500,"height":1667,"url":"https:\/\/mixagrocbd.com\/wp-content\/uploads\/2023\/09\/IMG_2007.jpg","type":"image\/jpeg"}],"twitter_card":"summary_large_image","twitter_misc":{"Gesch\u00e4tzte Lesezeit":"2\u00a0Minuten"},"schema":{"@context":"https:\/\/schema.org","@graph":[{"@type":"WebPage","@id":"https:\/\/mixagrocbd.com\/de\/haftungsausschlus\/","url":"https:\/\/mixagrocbd.com\/de\/haftungsausschlus\/","name":"Haftungsausschluss - MixAgro CBD","isPartOf":{"@id":"https:\/\/mixagrocbd.com\/de\/#website"},"datePublished":"2023-10-25T09:35:41+00:00","dateModified":"2024-10-25T07:56:45+00:00","breadcrumb":{"@id":"https:\/\/mixagrocbd.com\/de\/haftungsausschlus\/#breadcrumb"},"inLanguage":"de","potentialAction":[{"@type":"ReadAction","target":["https:\/\/mixagrocbd.com\/de\/haftungsausschlus\/"]}]},{"@type":"BreadcrumbList","@id":"https:\/\/mixagrocbd.com\/de\/haftungsausschlus\/#breadcrumb","itemListElement":[{"@type":"ListItem","position":1,"name":"Home","item":"https:\/\/mixagrocbd.com\/de\/"},{"@type":"ListItem","position":2,"name":"Haftungsausschluss"}]},{"@type":"WebSite","@id":"https:\/\/mixagrocbd.com\/de\/#website","url":"https:\/\/mixagrocbd.com\/de\/","name":"MixAgro CBD","description":"Premium CBD and Derivatives","publisher":{"@id":"https:\/\/mixagrocbd.com\/de\/#organization"},"potentialAction":[{"@type":"SearchAction","target":{"@type":"EntryPoint","urlTemplate":"https:\/\/mixagrocbd.com\/de\/?s={search_term_string}"},"query-input":{"@type":"PropertyValueSpecification","valueRequired":true,"valueName":"search_term_string"}}],"inLanguage":"de"},{"@type":"Organization","@id":"https:\/\/mixagrocbd.com\/de\/#organization","name":"MixAgro CBD","url":"https:\/\/mixagrocbd.com\/de\/","logo":{"@type":"ImageObject","inLanguage":"de","@id":"https:\/\/mixagrocbd.com\/de\/#\/schema\/logo\/image\/","url":"https:\/\/mixagrocbd.com\/wp-content\/uploads\/2023\/11\/MixAGRO-1.png","contentUrl":"https:\/\/mixagrocbd.com\/wp-content\/uploads\/2023\/11\/MixAGRO-1.png","width":276,"height":152,"caption":"MixAgro CBD"},"image":{"@id":"https:\/\/mixagrocbd.com\/de\/#\/schema\/logo\/image\/"},"sameAs":["https:\/\/www.facebook.com\/MixAgroCBD\/","https:\/\/www.instagram.com\/mixagro_cbd\/","https:\/\/www.linkedin.com\/company\/mixagro-s-r-o\/"]}]}},"_links":{"self":[{"href":"https:\/\/mixagrocbd.com\/de\/wp-json\/wp\/v2\/pages\/982","targetHints":{"allow":["GET"]}}],"collection":[{"href":"https:\/\/mixagrocbd.com\/de\/wp-json\/wp\/v2\/pages"}],"about":[{"href":"https:\/\/mixagrocbd.com\/de\/wp-json\/wp\/v2\/types\/page"}],"author":[{"embeddable":true,"href":"https:\/\/mixagrocbd.com\/de\/wp-json\/wp\/v2\/users\/1"}],"replies":[{"embeddable":true,"href":"https:\/\/mixagrocbd.com\/de\/wp-json\/wp\/v2\/comments?post=982"}],"version-history":[{"count":2,"href":"https:\/\/mixagrocbd.com\/de\/wp-json\/wp\/v2\/pages\/982\/revisions"}],"predecessor-version":[{"id":1743,"href":"https:\/\/mixagrocbd.com\/de\/wp-json\/wp\/v2\/pages\/982\/revisions\/1743"}],"wp:attachment":[{"href":"https:\/\/mixagrocbd.com\/de\/wp-json\/wp\/v2\/media?parent=982"}],"curies":[{"name":"wp","href":"https:\/\/api.w.org\/{rel}","templated":true}]}}